{"id":49406,"date":"2024-02-08T16:27:01","date_gmt":"2024-02-08T15:27:01","guid":{"rendered":"https:\/\/www.antoniehotel.cz\/luxusni-spa-a-wellness-hotel-antonie-frydlant\/"},"modified":"2024-02-09T10:48:32","modified_gmt":"2024-02-09T09:48:32","slug":"luxusni-spa-a-wellness-hotel-antonie-frydlant","status":"publish","type":"page","link":"https:\/\/www.antoniehotel.cz\/de\/luxusni-spa-a-wellness-hotel-antonie-frydlant\/","title":{"rendered":"Spa und Wellnesshotel ANTONIE****SUPERIOR Friedland"},"content":{"rendered":"\t\t<div data-elementor-type=\"wp-page\" data-elementor-id=\"49406\" class=\"elementor elementor-49406\" data-elementor-post-type=\"page\">\n\t\t\t\t<div data-particle_enable=\"false\" data-particle-mobile-disabled=\"false\" class=\"elementor-element elementor-element-b0f3f81 e-flex e-con-boxed e-con e-parent\" data-id=\"b0f3f81\" data-element_type=\"container\" data-e-type=\"container\" data-settings=\"{&quot;sticky&quot;:&quot;top&quot;,&quot;background_background&quot;:&quot;classic&quot;,&quot;sticky_on&quot;:[&quot;desktop&quot;,&quot;tablet&quot;,&quot;mobile&quot;],&quot;sticky_offset&quot;:0,&quot;sticky_effects_offset&quot;:0,&quot;sticky_anchor_link_offset&quot;:0}\">\n\t\t\t\t\t<div class=\"e-con-inner\">\n\t\t\t\t<div class=\"elementor-element elementor-element-0c525a6 elementor-nav-menu--dropdown-tablet elementor-nav-menu__text-align-aside elementor-nav-menu--toggle elementor-nav-menu--burger elementor-widget elementor-widget-nav-menu\" data-id=\"0c525a6\" data-element_type=\"widget\" data-e-type=\"widget\" data-settings=\"{&quot;layout&quot;:&quot;horizontal&quot;,&quot;submenu_icon&quot;:{&quot;value&quot;:&quot;&lt;i class=\\&quot;fas fa-caret-down\\&quot; aria-hidden=\\&quot;true\\&quot;&gt;&lt;\\\/i&gt;&quot;,&quot;library&quot;:&quot;fa-solid&quot;},&quot;toggle&quot;:&quot;burger&quot;}\" data-widget_type=\"nav-menu.default\">\n\t\t\t\t<div class=\"elementor-widget-container\">\n\t\t\t\t\t\t\t\t<nav aria-label=\"Men\u00fc\" class=\"elementor-nav-menu--main elementor-nav-menu__container elementor-nav-menu--layout-horizontal e--pointer-underline e--animation-fade\">\n\t\t\t\t<ul id=\"menu-1-0c525a6\" class=\"elementor-nav-menu\"><li class=\"menu-item menu-item-type-post_type menu-item-object-page menu-item-49509\"><a href=\"https:\/\/www.antoniehotel.cz\/de\/rezervace-pobytu\/\" class=\"elementor-item\"><div style=\"border 1px solid white; padding: 0px 15px; background-color: #ff7f00; color: white\"\">ONLINE BUCHUNG<\/div><\/a><\/li>\n<li class=\"menu-item wpml-ls-slot-44 wpml-ls-item wpml-ls-item-de wpml-ls-current-language wpml-ls-menu-item menu-item-type-wpml_ls_menu_item menu-item-object-wpml_ls_menu_item menu-item-has-children menu-item-wpml-ls-44-de\"><a href=\"https:\/\/www.antoniehotel.cz\/de\/\" aria-current=\"page\" aria-expanded=\"false\" aria-controls=\"wpml-ls-submenu-wpml-ls-44-de\" class=\"elementor-item\"><img decoding=\"async\"\n            class=\"wpml-ls-flag\"\n            src=\"https:\/\/www.antoniehotel.cz\/wp-content\/plugins\/sitepress-multilingual-cms\/res\/flags\/de.png\"\n            alt=\"Deutsch\"\n            loading=\"lazy\"\n            \n            \n    \/><\/a>\n<ul class=\"sub-menu elementor-nav-menu--dropdown\">\n\t<li class=\"menu-item wpml-ls-slot-44 wpml-ls-item wpml-ls-item-cs wpml-ls-menu-item wpml-ls-first-item menu-item-type-wpml_ls_menu_item menu-item-object-wpml_ls_menu_item menu-item-wpml-ls-44-cs\"><a href=\"https:\/\/www.antoniehotel.cz\/\" title=\"Wechseln zu Tschechisch\" aria-label=\"Wechseln zu Tschechisch\" class=\"elementor-sub-item\"><img decoding=\"async\"\n            class=\"wpml-ls-flag\"\n            src=\"https:\/\/www.antoniehotel.cz\/wp-content\/plugins\/sitepress-multilingual-cms\/res\/flags\/cs.png\"\n            alt=\"Tschechisch\"\n            loading=\"lazy\"\n            \n            \n    \/><\/a><\/li>\n\t<li class=\"menu-item wpml-ls-slot-44 wpml-ls-item wpml-ls-item-en wpml-ls-menu-item menu-item-type-wpml_ls_menu_item menu-item-object-wpml_ls_menu_item menu-item-wpml-ls-44-en\"><a href=\"https:\/\/www.antoniehotel.cz\/en\/\" title=\"Wechseln zu Englisch\" aria-label=\"Wechseln zu Englisch\" class=\"elementor-sub-item\"><img decoding=\"async\"\n            class=\"wpml-ls-flag\"\n            src=\"https:\/\/www.antoniehotel.cz\/wp-content\/plugins\/sitepress-multilingual-cms\/res\/flags\/en.png\"\n            alt=\"Englisch\"\n            loading=\"lazy\"\n            \n            \n    \/><\/a><\/li>\n\t<li class=\"menu-item wpml-ls-slot-44 wpml-ls-item wpml-ls-item-ru wpml-ls-menu-item wpml-ls-last-item menu-item-type-wpml_ls_menu_item menu-item-object-wpml_ls_menu_item menu-item-wpml-ls-44-ru\"><a href=\"https:\/\/www.antoniehotel.cz\/ru\/\" title=\"Wechseln zu Russisch\" aria-label=\"Wechseln zu Russisch\" class=\"elementor-sub-item\"><img decoding=\"async\"\n            class=\"wpml-ls-flag\"\n            src=\"https:\/\/www.antoniehotel.cz\/wp-content\/plugins\/sitepress-multilingual-cms\/res\/flags\/ru.png\"\n            alt=\"Russisch\"\n            loading=\"lazy\"\n            \n            \n    \/><\/a><\/li>\n<\/ul>\n<\/li>\n<\/ul>\t\t\t<\/nav>\n\t\t\t\t\t<div class=\"elementor-menu-toggle\" role=\"button\" tabindex=\"0\" aria-label=\"Men\u00fc Umschalter\" aria-expanded=\"false\">\n\t\t\t<i aria-hidden=\"true\" role=\"presentation\" class=\"elementor-menu-toggle__icon--open eicon-menu-bar\"><\/i><i aria-hidden=\"true\" role=\"presentation\" class=\"elementor-menu-toggle__icon--close eicon-close\"><\/i>\t\t<\/div>\n\t\t\t\t\t<nav class=\"elementor-nav-menu--dropdown elementor-nav-menu__container\" aria-hidden=\"true\">\n\t\t\t\t<ul id=\"menu-2-0c525a6\" class=\"elementor-nav-menu\"><li class=\"menu-item menu-item-type-post_type menu-item-object-page menu-item-49509\"><a href=\"https:\/\/www.antoniehotel.cz\/de\/rezervace-pobytu\/\" class=\"elementor-item\" tabindex=\"-1\"><div style=\"border 1px solid white; padding: 0px 15px; background-color: #ff7f00; color: white\"\">ONLINE BUCHUNG<\/div><\/a><\/li>\n<li class=\"menu-item wpml-ls-slot-44 wpml-ls-item wpml-ls-item-de wpml-ls-current-language wpml-ls-menu-item menu-item-type-wpml_ls_menu_item menu-item-object-wpml_ls_menu_item menu-item-has-children menu-item-wpml-ls-44-de\"><a href=\"https:\/\/www.antoniehotel.cz\/de\/\" aria-current=\"page\" aria-expanded=\"false\" aria-controls=\"wpml-ls-submenu-wpml-ls-44-de\" class=\"elementor-item\" tabindex=\"-1\"><img decoding=\"async\"\n            class=\"wpml-ls-flag\"\n            src=\"https:\/\/www.antoniehotel.cz\/wp-content\/plugins\/sitepress-multilingual-cms\/res\/flags\/de.png\"\n            alt=\"Deutsch\"\n            loading=\"lazy\"\n            \n            \n    \/><\/a>\n<ul class=\"sub-menu elementor-nav-menu--dropdown\">\n\t<li class=\"menu-item wpml-ls-slot-44 wpml-ls-item wpml-ls-item-cs wpml-ls-menu-item wpml-ls-first-item menu-item-type-wpml_ls_menu_item menu-item-object-wpml_ls_menu_item menu-item-wpml-ls-44-cs\"><a href=\"https:\/\/www.antoniehotel.cz\/\" title=\"Wechseln zu Tschechisch\" aria-label=\"Wechseln zu Tschechisch\" class=\"elementor-sub-item\" tabindex=\"-1\"><img decoding=\"async\"\n            class=\"wpml-ls-flag\"\n            src=\"https:\/\/www.antoniehotel.cz\/wp-content\/plugins\/sitepress-multilingual-cms\/res\/flags\/cs.png\"\n            alt=\"Tschechisch\"\n            loading=\"lazy\"\n            \n            \n    \/><\/a><\/li>\n\t<li class=\"menu-item wpml-ls-slot-44 wpml-ls-item wpml-ls-item-en wpml-ls-menu-item menu-item-type-wpml_ls_menu_item menu-item-object-wpml_ls_menu_item menu-item-wpml-ls-44-en\"><a href=\"https:\/\/www.antoniehotel.cz\/en\/\" title=\"Wechseln zu Englisch\" aria-label=\"Wechseln zu Englisch\" class=\"elementor-sub-item\" tabindex=\"-1\"><img decoding=\"async\"\n            class=\"wpml-ls-flag\"\n            src=\"https:\/\/www.antoniehotel.cz\/wp-content\/plugins\/sitepress-multilingual-cms\/res\/flags\/en.png\"\n            alt=\"Englisch\"\n            loading=\"lazy\"\n            \n            \n    \/><\/a><\/li>\n\t<li class=\"menu-item wpml-ls-slot-44 wpml-ls-item wpml-ls-item-ru wpml-ls-menu-item wpml-ls-last-item menu-item-type-wpml_ls_menu_item menu-item-object-wpml_ls_menu_item menu-item-wpml-ls-44-ru\"><a href=\"https:\/\/www.antoniehotel.cz\/ru\/\" title=\"Wechseln zu Russisch\" aria-label=\"Wechseln zu Russisch\" class=\"elementor-sub-item\" tabindex=\"-1\"><img decoding=\"async\"\n            class=\"wpml-ls-flag\"\n            src=\"https:\/\/www.antoniehotel.cz\/wp-content\/plugins\/sitepress-multilingual-cms\/res\/flags\/ru.png\"\n            alt=\"Russisch\"\n            loading=\"lazy\"\n            \n            \n    \/><\/a><\/li>\n<\/ul>\n<\/li>\n<\/ul>\t\t\t<\/nav>\n\t\t\t\t\t\t<\/div>\n\t\t\t\t<\/div>\n\t\t\t\t\t<\/div>\n\t\t\t\t<\/div>\n\t\t<div data-particle_enable=\"false\" data-particle-mobile-disabled=\"false\" class=\"elementor-element elementor-element-25274cce e-con-full e-flex e-con e-parent\" data-id=\"25274cce\" data-element_type=\"container\" data-e-type=\"container\">\n\t\t<div data-particle_enable=\"false\" data-particle-mobile-disabled=\"false\" class=\"elementor-element elementor-element-7582087b e-con-full e-flex e-con e-child\" data-id=\"7582087b\" data-element_type=\"container\" data-e-type=\"container\">\n\t\t\t\t<div class=\"elementor-element elementor-element-f513537 elementor-widget__width-inherit elementor--v-position-middle elementor-arrows-position-inside elementor-pagination-position-inside elementor-widget elementor-widget-slides\" data-id=\"f513537\" data-element_type=\"widget\" data-e-type=\"widget\" data-settings=\"{&quot;_animation&quot;:&quot;none&quot;,&quot;navigation&quot;:&quot;both&quot;,&quot;autoplay&quot;:&quot;yes&quot;,&quot;pause_on_hover&quot;:&quot;yes&quot;,&quot;pause_on_interaction&quot;:&quot;yes&quot;,&quot;autoplay_speed&quot;:5000,&quot;infinite&quot;:&quot;yes&quot;,&quot;transition&quot;:&quot;slide&quot;,&quot;transition_speed&quot;:500}\" data-widget_type=\"slides.default\">\n\t\t\t\t<div class=\"elementor-widget-container\">\n\t\t\t\t\t\t\t\t\t<div class=\"elementor-swiper\">\n\t\t\t\t\t<div class=\"elementor-slides-wrapper elementor-main-swiper swiper\" role=\"region\" aria-roledescription=\"carousel\" aria-label=\"Slider\" dir=\"ltr\" data-animation=\"fadeInDown\">\n\t\t\t\t<div class=\"swiper-wrapper elementor-slides\">\n\t\t\t\t\t\t\t\t\t\t<div class=\"elementor-repeater-item-f5cf52f swiper-slide\" role=\"group\" aria-roledescription=\"slide\"><div class=\"swiper-slide-bg elementor-ken-burns elementor-ken-burns--in\" role=\"img\" aria-label=\"Antonie Hotel\"><\/div><div class=\"elementor-background-overlay\"><\/div><a class=\"swiper-slide-inner\" href=\"https:\/\/www.antoniehotel.cz\/de\/wellness-an-werktagen\/\"><div class=\"swiper-slide-contents\"><div class=\"elementor-slide-heading\">Wellness an Werktagen****superior<\/div><div class=\"elementor-slide-description\">Fr\u00fcher Check-in am Anreisetag und...<\/div><div  class=\"elementor-button elementor-slide-button elementor-size-xs\">MEHR INFORMATIONEN<\/div><\/div><\/a><\/div><div class=\"elementor-repeater-item-6030493 swiper-slide\" role=\"group\" aria-roledescription=\"slide\"><div class=\"swiper-slide-bg elementor-ken-burns elementor-ken-burns--in\" role=\"img\" aria-label=\"Antonie Hotel Wellness\"><\/div><div class=\"elementor-background-overlay\"><\/div><a class=\"swiper-slide-inner\" href=\"https:\/\/www.antoniehotel.cz\/de\/wellness-wochenende\/\"><div class=\"swiper-slide-contents\"><div class=\"elementor-slide-heading\">Wellness-Wochenende****superior<\/div><div class=\"elementor-slide-description\">Uneingeschr\u00e4nkter Zutritt zum Wellness- & Spa-Bereich und...<\/div><div  class=\"elementor-button elementor-slide-button elementor-size-xs\">MEHR INFORMATIONEN<\/div><\/div><\/a><\/div>\t\t\t\t<\/div>\n\t\t\t\t\t\t\t\t\t\t\t\t\t\t\t<div class=\"elementor-swiper-button elementor-swiper-button-prev\" role=\"button\" tabindex=\"0\" aria-label=\"Vorheriger Slide\">\n\t\t\t\t\t\t\t<i aria-hidden=\"true\" class=\"eicon-chevron-left\"><\/i>\t\t\t\t\t\t<\/div>\n\t\t\t\t\t\t<div class=\"elementor-swiper-button elementor-swiper-button-next\" role=\"button\" tabindex=\"0\" aria-label=\"N\u00e4chster Slide\">\n\t\t\t\t\t\t\t<i aria-hidden=\"true\" class=\"eicon-chevron-right\"><\/i>\t\t\t\t\t\t<\/div>\n\t\t\t\t\t\t\t\t\t\t\t\t\t\t\t\t<div class=\"swiper-pagination\"><\/div>\n\t\t\t\t\t\t\t\t\t\t\t\t<\/div>\n\t\t\t\t<\/div>\n\t\t\t\t\t\t\t\t<\/div>\n\t\t\t\t<\/div>\n\t\t\t\t<\/div>\n\t\t\t\t<\/div>\n\t\t<div data-particle_enable=\"false\" data-particle-mobile-disabled=\"false\" class=\"elementor-element elementor-element-72abae27 e-flex e-con-boxed e-con e-parent\" data-id=\"72abae27\" data-element_type=\"container\" data-e-type=\"container\" data-settings=\"{&quot;background_background&quot;:&quot;classic&quot;}\">\n\t\t\t\t\t<div class=\"e-con-inner\">\n\t\t<div data-particle_enable=\"false\" data-particle-mobile-disabled=\"false\" class=\"elementor-element elementor-element-410daa58 e-con-full e-flex e-con e-child\" data-id=\"410daa58\" data-element_type=\"container\" data-e-type=\"container\">\n\t\t\t\t<div class=\"elementor-element elementor-element-20247d40 elementor-widget elementor-widget-heading\" data-id=\"20247d40\" data-element_type=\"widget\" data-e-type=\"widget\" data-widget_type=\"heading.default\">\n\t\t\t\t<div class=\"elementor-widget-container\">\n\t\t\t\t\t<h2 class=\"elementor-heading-title elementor-size-default\">ANTONIE HOTEL  Friedland (CZ)<\/h2>\t\t\t\t<\/div>\n\t\t\t\t<\/div>\n\t\t\t\t<div class=\"elementor-element elementor-element-2c1c776a elementor-widget elementor-widget-text-editor\" data-id=\"2c1c776a\" data-element_type=\"widget\" data-e-type=\"widget\" data-widget_type=\"text-editor.default\">\n\t\t\t\t<div class=\"elementor-widget-container\">\n\t\t\t\t\t\t\t\t\t<p><span class=\"headline\">Komfort, der Ihnen anderswo nur versprochen wird. Das Boutique-Hotel Antonie befindet sich im tschechischen Teil des Dreil\u00e4nderecks mit Deutschland und Polen, unweit der St\u00e4dte G\u00f6rlitz und Zittau. Das Antonie ist ein kleines, sehr intimes und ruhiges Hotel mit nur 23 Zimmern und einem gro\u00dfz\u00fcgigen architektonischen Konzept, das auch bei voller Belegung jedem Gast das Gef\u00fchl von gro\u00dfem r\u00e4umlichen Komfort und Ruhe bietet.<br \/><\/span><\/p>\t\t\t\t\t\t\t\t<\/div>\n\t\t\t\t<\/div>\n\t\t\t\t<\/div>\n\t\t<div data-particle_enable=\"false\" data-particle-mobile-disabled=\"false\" class=\"elementor-element elementor-element-32b06a75 e-con-full e-flex e-con e-child\" data-id=\"32b06a75\" data-element_type=\"container\" data-e-type=\"container\">\n\t\t\t\t<div class=\"elementor-element elementor-element-b382f66 elementor-widget elementor-widget-image\" data-id=\"b382f66\" data-element_type=\"widget\" data-e-type=\"widget\" data-widget_type=\"image.default\">\n\t\t\t\t<div class=\"elementor-widget-container\">\n\t\t\t\t\t\t\t\t\t\t\t\t\t\t\t<img decoding=\"async\" width=\"150\" height=\"48\" src=\"https:\/\/www.antoniehotel.cz\/wp-content\/uploads\/2024\/01\/antonie-2.png\" class=\"attachment-large size-large wp-image-47228\" alt=\"\" \/>\t\t\t\t\t\t\t\t\t\t\t\t\t\t\t<\/div>\n\t\t\t\t<\/div>\n\t\t\t\t<div class=\"elementor-element elementor-element-7755fefe elementor-align-center elementor-icon-list--layout-traditional elementor-list-item-link-full_width elementor-widget elementor-widget-icon-list\" data-id=\"7755fefe\" data-element_type=\"widget\" data-e-type=\"widget\" data-widget_type=\"icon-list.default\">\n\t\t\t\t<div class=\"elementor-widget-container\">\n\t\t\t\t\t\t\t<ul class=\"elementor-icon-list-items\">\n\t\t\t\t\t\t\t<li class=\"elementor-icon-list-item\">\n\t\t\t\t\t\t\t\t\t\t\t<span class=\"elementor-icon-list-icon\">\n\t\t\t\t\t\t\t<i aria-hidden=\"true\" class=\"far fa-envelope\"><\/i>\t\t\t\t\t\t<\/span>\n\t\t\t\t\t\t\t\t\t\t<span class=\"elementor-icon-list-text\">recepce@antoniehotel.cz<\/span>\n\t\t\t\t\t\t\t\t\t<\/li>\n\t\t\t\t\t\t\t\t<li class=\"elementor-icon-list-item\">\n\t\t\t\t\t\t\t\t\t\t\t<span class=\"elementor-icon-list-icon\">\n\t\t\t\t\t\t\t<i aria-hidden=\"true\" class=\"fas fa-mobile-alt\"><\/i>\t\t\t\t\t\t<\/span>\n\t\t\t\t\t\t\t\t\t\t<span class=\"elementor-icon-list-text\">+420 725 836 003<\/span>\n\t\t\t\t\t\t\t\t\t<\/li>\n\t\t\t\t\t\t\t\t<li class=\"elementor-icon-list-item\">\n\t\t\t\t\t\t\t\t\t\t\t<span class=\"elementor-icon-list-icon\">\n\t\t\t\t\t\t\t<i aria-hidden=\"true\" class=\"fas fa-map-marker-alt\"><\/i>\t\t\t\t\t\t<\/span>\n\t\t\t\t\t\t\t\t\t\t<span class=\"elementor-icon-list-text\">Zelen\u00e1 905, Fr\u00fddlant<\/span>\n\t\t\t\t\t\t\t\t\t<\/li>\n\t\t\t\t\t\t<\/ul>\n\t\t\t\t\t\t<\/div>\n\t\t\t\t<\/div>\n\t\t\t\t<\/div>\n\t\t\t\t\t<\/div>\n\t\t\t\t<\/div>\n\t\t<div data-particle_enable=\"false\" data-particle-mobile-disabled=\"false\" class=\"elementor-element elementor-element-1311fb6c e-flex e-con-boxed e-con e-parent\" data-id=\"1311fb6c\" data-element_type=\"container\" data-e-type=\"container\">\n\t\t\t\t\t<div class=\"e-con-inner\">\n\t\t\t\t<div class=\"elementor-element elementor-element-1a07728d elementor-button-success elementor-align-center elementor-widget elementor-widget-button\" data-id=\"1a07728d\" data-element_type=\"widget\" data-e-type=\"widget\" data-widget_type=\"button.default\">\n\t\t\t\t<div class=\"elementor-widget-container\">\n\t\t\t\t\t\t\t\t\t<div class=\"elementor-button-wrapper\">\n\t\t\t\t\t<a class=\"elementor-button elementor-button-link elementor-size-xs\" href=\"https:\/\/www.antoniehotel.cz\/de\/rezervace-pobytu\/\">\n\t\t\t\t\t\t<span class=\"elementor-button-content-wrapper\">\n\t\t\t\t\t\t\t\t\t<span class=\"elementor-button-text\">Verf\u00fcgbarkeit pr\u00fcfen <\/span>\n\t\t\t\t\t<\/span>\n\t\t\t\t\t<\/a>\n\t\t\t\t<\/div>\n\t\t\t\t\t\t\t\t<\/div>\n\t\t\t\t<\/div>\n\t\t\t\t\t<\/div>\n\t\t\t\t<\/div>\n\t\t\t\t<\/div>\n\t\t","protected":false},"excerpt":{"rendered":"<p>Wellness an Werktagen****superiorFr\u00fcher Check-in am Anreisetag und&#8230;MEHR INFORMATIONENWellness-Wochenende****superiorUneingeschr\u00e4nkter Zutritt zum Wellness- &amp; Spa-Bereich und&#8230;MEHR INFORMATIONEN Previous slide Next slide ANTONIE HOTEL Friedland (CZ) Komfort, der Ihnen anderswo nur versprochen wird. Das Boutique-Hotel Antonie befindet sich im tschechischen Teil des Dreil\u00e4nderecks mit Deutschland und Polen, unweit der St\u00e4dte G\u00f6rlitz und Zittau. Das Antonie ist ein kleines, [&hellip;]<\/p>\n","protected":false},"author":1,"featured_media":61425,"parent":0,"menu_order":0,"comment_status":"closed","ping_status":"closed","template":"","meta":{"footnotes":""},"class_list":["post-49406","page","type-page","status-publish","has-post-thumbnail","hentry"],"_links":{"self":[{"href":"https:\/\/www.antoniehotel.cz\/de\/wp-json\/wp\/v2\/pages\/49406","targetHints":{"allow":["GET"]}}],"collection":[{"href":"https:\/\/www.antoniehotel.cz\/de\/wp-json\/wp\/v2\/pages"}],"about":[{"href":"https:\/\/www.antoniehotel.cz\/de\/wp-json\/wp\/v2\/types\/page"}],"author":[{"embeddable":true,"href":"https:\/\/www.antoniehotel.cz\/de\/wp-json\/wp\/v2\/users\/1"}],"replies":[{"embeddable":true,"href":"https:\/\/www.antoniehotel.cz\/de\/wp-json\/wp\/v2\/comments?post=49406"}],"version-history":[{"count":5,"href":"https:\/\/www.antoniehotel.cz\/de\/wp-json\/wp\/v2\/pages\/49406\/revisions"}],"predecessor-version":[{"id":49520,"href":"https:\/\/www.antoniehotel.cz\/de\/wp-json\/wp\/v2\/pages\/49406\/revisions\/49520"}],"wp:featuredmedia":[{"embeddable":true,"href":"https:\/\/www.antoniehotel.cz\/de\/wp-json\/wp\/v2\/media\/61425"}],"wp:attachment":[{"href":"https:\/\/www.antoniehotel.cz\/de\/wp-json\/wp\/v2\/media?parent=49406"}],"curies":[{"name":"wp","href":"https:\/\/api.w.org\/{rel}","templated":true}]}}