{"id":25241,"date":"2022-02-01T12:39:15","date_gmt":"2022-02-01T11:39:15","guid":{"rendered":"https:\/\/www.antoniehotel.cz\/?page_id=25241"},"modified":"2022-02-01T12:41:49","modified_gmt":"2022-02-01T11:41:49","slug":"thank-you-for-reservation-of-the-yoga-weekend","status":"publish","type":"page","link":"https:\/\/www.antoniehotel.cz\/en\/thank-you-for-reservation-of-the-yoga-weekend\/","title":{"rendered":"Thank you for Reservation of the Yoga weekend"},"content":{"rendered":"<p>[bt_section][bt_row][bt_column width=&#8221;1\/4&#8243;][\/bt_column][bt_column width=&#8221;2\/4&#8243;][bt_hr top_spaced=&#8221;topSpaced&#8221; bottom_spaced=&#8221;not-spaced&#8221; transparent_border=&#8221;noBorder&#8221; el_class=&#8221;&#8221; el_style=&#8221;&#8221;][\/bt_hr][bt_text]<\/p>\n<p>D\u011bkujeme za rezervaci j\u00f3gov\u00e9ho v\u00edkendu. V nejbli\u017e\u0161\u00ed dob\u011b V\u00e1s budeme kontaktovat, abychom Va\u0161i objedn\u00e1vku zprocesovali.<\/p>\n<p>T\u00fdm Antonie Hotel<\/p>\n<p>[\/bt_text][bt_hr top_spaced=&#8221;topSpaced&#8221; bottom_spaced=&#8221;not-spaced&#8221; transparent_border=&#8221;noBorder&#8221; el_class=&#8221;&#8221; el_style=&#8221;&#8221;][\/bt_hr][\/bt_column][bt_column width=&#8221;1\/4&#8243;][\/bt_column][\/bt_row][\/bt_section]<\/p>\n","protected":false},"excerpt":{"rendered":"<p>[bt_section][bt_row][bt_column width=&#8221;1\/4&#8243;][\/bt_column][bt_column width=&#8221;2\/4&#8243;][bt_hr top_spaced=&#8221;topSpaced&#8221; bottom_spaced=&#8221;not-spaced&#8221; transparent_border=&#8221;noBorder&#8221; el_class=&#8221;&#8221; el_style=&#8221;&#8221;][\/bt_hr][bt_text] D\u011bkujeme za rezervaci j\u00f3gov\u00e9ho v\u00edkendu. V nejbli\u017e\u0161\u00ed dob\u011b V\u00e1s budeme kontaktovat, abychom Va\u0161i objedn\u00e1vku zprocesovali. T\u00fdm Antonie Hotel [\/bt_text][bt_hr top_spaced=&#8221;topSpaced&#8221; bottom_spaced=&#8221;not-spaced&#8221; transparent_border=&#8221;noBorder&#8221; el_class=&#8221;&#8221; el_style=&#8221;&#8221;][\/bt_hr][\/bt_column][bt_column width=&#8221;1\/4&#8243;][\/bt_column][\/bt_row][\/bt_section]<\/p>\n","protected":false},"author":1,"featured_media":0,"parent":0,"menu_order":0,"comment_status":"closed","ping_status":"closed","template":"","meta":{"footnotes":""},"class_list":["post-25241","page","type-page","status-publish","hentry"],"_links":{"self":[{"href":"https:\/\/www.antoniehotel.cz\/en\/wp-json\/wp\/v2\/pages\/25241","targetHints":{"allow":["GET"]}}],"collection":[{"href":"https:\/\/www.antoniehotel.cz\/en\/wp-json\/wp\/v2\/pages"}],"about":[{"href":"https:\/\/www.antoniehotel.cz\/en\/wp-json\/wp\/v2\/types\/page"}],"author":[{"embeddable":true,"href":"https:\/\/www.antoniehotel.cz\/en\/wp-json\/wp\/v2\/users\/1"}],"replies":[{"embeddable":true,"href":"https:\/\/www.antoniehotel.cz\/en\/wp-json\/wp\/v2\/comments?post=25241"}],"version-history":[{"count":4,"href":"https:\/\/www.antoniehotel.cz\/en\/wp-json\/wp\/v2\/pages\/25241\/revisions"}],"predecessor-version":[{"id":25257,"href":"https:\/\/www.antoniehotel.cz\/en\/wp-json\/wp\/v2\/pages\/25241\/revisions\/25257"}],"wp:attachment":[{"href":"https:\/\/www.antoniehotel.cz\/en\/wp-json\/wp\/v2\/media?parent=25241"}],"curies":[{"name":"wp","href":"https:\/\/api.w.org\/{rel}","templated":true}]}}